{"id":13,"date":"2023-12-11T17:52:04","date_gmt":"2023-12-11T16:52:04","guid":{"rendered":"https:\/\/rollinnove.com\/?page_id=13"},"modified":"2026-04-13T22:23:55","modified_gmt":"2026-04-13T20:23:55","slug":"a-propos","status":"publish","type":"page","link":"https:\/\/www.rollinnove.com\/index.php\/a-propos\/","title":{"rendered":"L&rsquo;\u00e9quipe"},"content":{"rendered":"\n<p>La soci\u00e9t\u00e9 Rollinnove a \u00e9t\u00e9 cr\u00e9\u00e9 en 2013 par le Professeur Robert Duchamp, Pr\u00e9sident de l&rsquo;entreprise. Implant\u00e9e \u00e0 PARIS (75116), elle est sp\u00e9cialis\u00e9e dans le secteur d&rsquo;activit\u00e9 du commerce de d\u00e9tail d&rsquo;articles m\u00e9dicaux et orthop\u00e9diques en magasin sp\u00e9cialis\u00e9. <\/p>\n\n\n\n<p>La soci\u00e9t\u00e9 Rollinnove fabrique et distribue un kit adaptable sur la plupart des fauteuils roulants et fauteuils de transferts du march\u00e9.<\/p>\n\n\n\n<div class=\"wp-block-columns is-layout-flex wp-container-core-columns-is-layout-28f84493 wp-block-columns-is-layout-flex\">\n<div class=\"wp-block-column is-layout-flow wp-block-column-is-layout-flow\">\n<figure class=\"wp-block-image size-full\"><img loading=\"lazy\" decoding=\"async\" width=\"400\" height=\"533\" src=\"https:\/\/www.rollinnove.com\/wp-content\/uploads\/2026\/04\/ducham.jpg\" alt=\"\" class=\"wp-image-131\" style=\"aspect-ratio:2\/3;object-fit:cover\" srcset=\"https:\/\/www.rollinnove.com\/wp-content\/uploads\/2026\/04\/ducham.jpg 400w, https:\/\/www.rollinnove.com\/wp-content\/uploads\/2026\/04\/ducham-225x300.jpg 225w\" sizes=\"auto, (max-width: 400px) 100vw, 400px\" \/><\/figure>\n\n\n\n<p><strong>Robert<\/strong><br>Fondateur, CEO<\/p>\n\n\n\n<p><\/p>\n<\/div>\n\n\n\n<div class=\"wp-block-column is-layout-flow wp-block-column-is-layout-flow\">\n<figure class=\"wp-block-image size-full\"><img loading=\"lazy\" decoding=\"async\" width=\"416\" height=\"520\" src=\"https:\/\/www.rollinnove.com\/wp-content\/uploads\/2026\/04\/janicot.jpg\" alt=\"\" class=\"wp-image-132\" style=\"aspect-ratio:2\/3;object-fit:cover\" srcset=\"https:\/\/www.rollinnove.com\/wp-content\/uploads\/2026\/04\/janicot.jpg 416w, https:\/\/www.rollinnove.com\/wp-content\/uploads\/2026\/04\/janicot-240x300.jpg 240w\" sizes=\"auto, (max-width: 416px) 100vw, 416px\" \/><\/figure>\n\n\n\n<p><strong>Julien<\/strong><br>Directeur de l\u2019ing\u00e9nierie<\/p>\n<\/div>\n\n\n\n<div class=\"wp-block-column is-layout-flow wp-block-column-is-layout-flow\">\n<figure class=\"wp-block-image size-full\"><img loading=\"lazy\" decoding=\"async\" width=\"450\" height=\"600\" src=\"https:\/\/www.rollinnove.com\/wp-content\/uploads\/2026\/04\/vedel.webp\" alt=\"\" class=\"wp-image-133\" style=\"aspect-ratio:2\/3;object-fit:cover\" srcset=\"https:\/\/www.rollinnove.com\/wp-content\/uploads\/2026\/04\/vedel.webp 450w, https:\/\/www.rollinnove.com\/wp-content\/uploads\/2026\/04\/vedel-225x300.webp 225w\" sizes=\"auto, (max-width: 450px) 100vw, 450px\" \/><\/figure>\n\n\n\n<div class=\"wp-block-columns is-layout-flex wp-container-core-columns-is-layout-28f84493 wp-block-columns-is-layout-flex\">\n<div class=\"wp-block-column is-layout-flow wp-block-column-is-layout-flow\">\n<p class=\"has-text-align-left\"><strong>Pierre <\/strong><br>Ing\u00e9nieur d\u00e9veloppement<\/p>\n<\/div>\n<\/div>\n<\/div>\n<\/div>\n","protected":false},"excerpt":{"rendered":"<p>La soci\u00e9t\u00e9 Rollinnove a \u00e9t\u00e9 cr\u00e9\u00e9 en 2013 par le Professeur Robert Duchamp, Pr\u00e9sident de l&rsquo;entreprise. Implant\u00e9e \u00e0 PARIS (75116), elle est sp\u00e9cialis\u00e9e dans le secteur d&rsquo;activit\u00e9 du commerce de d\u00e9tail d&rsquo;articles m\u00e9dicaux et orthop\u00e9diques en magasin sp\u00e9cialis\u00e9. La soci\u00e9t\u00e9 Rollinnove fabrique et distribue un kit adaptable sur la plupart des fauteuils roulants et fauteuils [&hellip;]<\/p>\n","protected":false},"author":1,"featured_media":0,"parent":0,"menu_order":0,"comment_status":"closed","ping_status":"closed","template":"","meta":{"footnotes":""},"class_list":["post-13","page","type-page","status-publish","hentry"],"_links":{"self":[{"href":"https:\/\/www.rollinnove.com\/index.php\/wp-json\/wp\/v2\/pages\/13","targetHints":{"allow":["GET"]}}],"collection":[{"href":"https:\/\/www.rollinnove.com\/index.php\/wp-json\/wp\/v2\/pages"}],"about":[{"href":"https:\/\/www.rollinnove.com\/index.php\/wp-json\/wp\/v2\/types\/page"}],"author":[{"embeddable":true,"href":"https:\/\/www.rollinnove.com\/index.php\/wp-json\/wp\/v2\/users\/1"}],"replies":[{"embeddable":true,"href":"https:\/\/www.rollinnove.com\/index.php\/wp-json\/wp\/v2\/comments?post=13"}],"version-history":[{"count":7,"href":"https:\/\/www.rollinnove.com\/index.php\/wp-json\/wp\/v2\/pages\/13\/revisions"}],"predecessor-version":[{"id":136,"href":"https:\/\/www.rollinnove.com\/index.php\/wp-json\/wp\/v2\/pages\/13\/revisions\/136"}],"wp:attachment":[{"href":"https:\/\/www.rollinnove.com\/index.php\/wp-json\/wp\/v2\/media?parent=13"}],"curies":[{"name":"wp","href":"https:\/\/api.w.org\/{rel}","templated":true}]}}